{"id":1160,"date":"2016-07-13T17:12:46","date_gmt":"2016-07-13T15:12:46","guid":{"rendered":"http:\/\/www.recht-hr.de\/?page_id=1160"},"modified":"2018-12-10T17:09:08","modified_gmt":"2018-12-10T16:09:08","slug":"bilanzen-und-gewinnermittlungen","status":"publish","type":"page","link":"https:\/\/www.recht-hr.de\/en\/bilanzen-und-gewinnermittlungen\/","title":{"rendered":"Balance sheets and profits"},"content":{"rendered":"<div class=\"wpb-content-wrapper\"><p>[vc_row][vc_column][vc_custom_heading text=&#8221;Balance sheets and profits&#8221; font_container=&#8221;tag:h2|font_size:30|text_align:left&#8221; use_theme_fonts=&#8221;yes&#8221;  el_class=&#8221;heading_left&#8221;][vc_column_text]The annual financial statements are important, whether for the financial authorities or various third parties, or especially for you and your own overview of your company. We create for you:<\/p>\n<ul>\n<li>Annual financial statements according to commercial and tax law<\/li>\n<li>Interim financial statements<\/li>\n<li>Plausibility check and assessment<\/li>\n<li>Dispute, liquidation and bank balances as much more.<\/li>\n<\/ul>\n<p>[\/vc_column_text][\/vc_column][\/vc_row]<\/p>\n<\/div>","protected":false},"excerpt":{"rendered":"<p>[vc_row][vc_column][vc_custom_heading text=&#8221;Balance sheets and profits&#8221; font_container=&#8221;tag:h2|font_size:30|text_align:left&#8221; use_theme_fonts=&#8221;yes&#8221; el_class=&#8221;heading_left&#8221;][vc_column_text]The annual financial statements are important, whether for the financial authorities or various third parties, or especially for you and your own overview of your company. We create for you: Annual financial statements according to commercial and tax law Interim financial statements Plausibility check and assessment Dispute, liquidation [&hellip;]<\/p>\n","protected":false},"author":1,"featured_media":0,"parent":0,"menu_order":0,"comment_status":"closed","ping_status":"closed","template":"","meta":{"footnotes":""},"class_list":["post-1160","page","type-page","status-publish","hentry"],"translation":{"provider":"WPGlobus","version":"3.0.2","language":"en","enabled_languages":["de","en","ru"],"languages":{"de":{"title":true,"content":true,"excerpt":false},"en":{"title":true,"content":true,"excerpt":false},"ru":{"title":true,"content":true,"excerpt":false}}},"yoast_head":"<!-- This site is optimized with the Yoast SEO plugin v27.5 - https:\/\/yoast.com\/product\/yoast-seo-wordpress\/ -->\n<title>Balance sheets and profits | Lawyers | Osnabr\u00fcck | Herford | Borgholzhausen<\/title>\n<meta name=\"robots\" content=\"index, follow, max-snippet:-1, max-image-preview:large, max-video-preview:-1\" \/>\n<link rel=\"canonical\" href=\"https:\/\/www.recht-hr.de\/ru\/bilanzen-und-gewinnermittlungen\/\" \/>\n<meta property=\"og:locale\" content=\"en_US\" \/>\n<meta property=\"og:type\" content=\"article\" \/>\n<meta property=\"og:title\" content=\"Balance sheets and profits | Lawyers | Osnabr\u00fcck | Herford | Borgholzhausen\" \/>\n<meta property=\"og:url\" content=\"https:\/\/www.recht-hr.de\/ru\/bilanzen-und-gewinnermittlungen\/\" \/>\n<meta property=\"og:site_name\" content=\"Haferkorn \u2022 Rimscha\" \/>\n<meta property=\"article:publisher\" content=\"http:\/\/www.facebook.com\/recht.hr\" \/>\n<meta property=\"article:modified_time\" content=\"2018-12-10T16:09:08+00:00\" \/>\n<meta name=\"twitter:card\" content=\"summary_large_image\" \/>\n<meta name=\"twitter:label1\" content=\"Est. reading time\" \/>\n\t<meta name=\"twitter:data1\" content=\"1 minute\" \/>\n<script type=\"application\/ld+json\" class=\"yoast-schema-graph\">{\"@context\":\"https:\\\/\\\/schema.org\",\"@graph\":[{\"@type\":\"WebPage\",\"@id\":\"https:\\\/\\\/www.recht-hr.de\\\/ru\\\/bilanzen-und-gewinnermittlungen\\\/\",\"url\":\"https:\\\/\\\/www.recht-hr.de\\\/ru\\\/bilanzen-und-gewinnermittlungen\\\/\",\"name\":\"\u0420\u0430\u0441\u0447\u0435\u0442\u044b \u0431\u044e\u0434\u0436\u0435\u0442\u0430 \u0438 \u0434\u043e\u0445\u043e\u0434\u0430 | \u0410\u0434\u0432\u043e\u043a\u0430\u0442\u044b | \u0413\u0435\u0440\u043c\u0430\u043d\u0438\u044f\",\"isPartOf\":{\"@id\":\"https:\\\/\\\/www.recht-hr.de\\\/ru\\\/#website\"},\"datePublished\":\"2016-07-13T15:12:46+00:00\",\"dateModified\":\"2018-12-10T16:09:08+00:00\",\"description\":\"Jahresabschl\u00fcsse sind wichtig, egal ob f\u00fcr das Finanzamt oder diverse Dritte, oder insbesondere auch f\u00fcr Sie und Ihren eigenen \u00dcberblick \u00fcber Ihr Unternehmen. Wir erstellen f\u00fcr Sie: Jahresabschl\u00fcsse nach Handels- und Steuerrecht, usw.\",\"breadcrumb\":{\"@id\":\"https:\\\/\\\/www.recht-hr.de\\\/ru\\\/bilanzen-und-gewinnermittlungen\\\/#breadcrumb\"},\"inLanguage\":\"en-US\",\"potentialAction\":[{\"@type\":\"ReadAction\",\"target\":[\"https:\\\/\\\/www.recht-hr.de\\\/ru\\\/bilanzen-und-gewinnermittlungen\\\/\"]}]},{\"@type\":\"BreadcrumbList\",\"@id\":\"https:\\\/\\\/www.recht-hr.de\\\/ru\\\/bilanzen-und-gewinnermittlungen\\\/#breadcrumb\",\"itemListElement\":[{\"@type\":\"ListItem\",\"position\":1,\"name\":\"Startseite\",\"item\":\"https:\\\/\\\/www.recht-hr.de\\\/\"},{\"@type\":\"ListItem\",\"position\":2,\"name\":\"\u0420\u0430\u0441\u0447\u0435\u0442\u044b \u0431\u044e\u0434\u0436\u0435\u0442\u0430 \u0438 \u0434\u043e\u0445\u043e\u0434\u0430\"}]},{\"@type\":\"WebSite\",\"@id\":\"https:\\\/\\\/www.recht-hr.de\\\/ru\\\/#website\",\"url\":\"https:\\\/\\\/www.recht-hr.de\\\/ru\\\/\",\"name\":\"Haferkorn \u2022 Rimscha\",\"description\":\"law &amp; tax office\",\"publisher\":{\"@id\":\"https:\\\/\\\/www.recht-hr.de\\\/ru\\\/#organization\"},\"potentialAction\":[{\"@type\":\"SearchAction\",\"target\":{\"@type\":\"EntryPoint\",\"urlTemplate\":\"https:\\\/\\\/www.recht-hr.de\\\/ru\\\/?s={search_term_string}\"},\"query-input\":{\"@type\":\"PropertyValueSpecification\",\"valueRequired\":true,\"valueName\":\"search_term_string\"}}],\"inLanguage\":\"en-US\"},{\"@type\":\"Organization\",\"@id\":\"https:\\\/\\\/www.recht-hr.de\\\/ru\\\/#organization\",\"name\":\"Haferkorn \u2022 Rimscha \u2022 Rechtsanwalts- und Steuerkanzlei\",\"url\":\"https:\\\/\\\/www.recht-hr.de\\\/ru\\\/\",\"logo\":{\"@type\":\"ImageObject\",\"inLanguage\":\"en-US\",\"@id\":\"https:\\\/\\\/www.recht-hr.de\\\/ru\\\/#\\\/schema\\\/logo\\\/image\\\/\",\"url\":\"https:\\\/\\\/www.recht-hr.de\\\/wp-content\\\/uploads\\\/2018\\\/12\\\/apple-touch-icon.png\",\"contentUrl\":\"https:\\\/\\\/www.recht-hr.de\\\/wp-content\\\/uploads\\\/2018\\\/12\\\/apple-touch-icon.png\",\"width\":180,\"height\":180,\"caption\":\"Haferkorn \u2022 Rimscha \u2022 Rechtsanwalts- und Steuerkanzlei\"},\"image\":{\"@id\":\"https:\\\/\\\/www.recht-hr.de\\\/ru\\\/#\\\/schema\\\/logo\\\/image\\\/\"},\"sameAs\":[\"http:\\\/\\\/www.facebook.com\\\/recht.hr\"]}]}<\/script>\n<!-- \/ Yoast SEO plugin. -->","yoast_head_json":{"title":"Balance sheets and profits | Lawyers | Osnabr\u00fcck | Herford | Borgholzhausen","robots":{"index":"index","follow":"follow","max-snippet":"max-snippet:-1","max-image-preview":"max-image-preview:large","max-video-preview":"max-video-preview:-1"},"canonical":"https:\/\/www.recht-hr.de\/ru\/bilanzen-und-gewinnermittlungen\/","og_locale":"en_US","og_type":"article","og_title":"Balance sheets and profits | Lawyers | Osnabr\u00fcck | Herford | Borgholzhausen","og_url":"https:\/\/www.recht-hr.de\/ru\/bilanzen-und-gewinnermittlungen\/","og_site_name":"Haferkorn \u2022 Rimscha","article_publisher":"http:\/\/www.facebook.com\/recht.hr","article_modified_time":"2018-12-10T16:09:08+00:00","twitter_card":"summary_large_image","twitter_misc":{"Est. reading time":"1 minute"},"schema":{"@context":"https:\/\/schema.org","@graph":[{"@type":"WebPage","@id":"https:\/\/www.recht-hr.de\/ru\/bilanzen-und-gewinnermittlungen\/","url":"https:\/\/www.recht-hr.de\/ru\/bilanzen-und-gewinnermittlungen\/","name":"\u0420\u0430\u0441\u0447\u0435\u0442\u044b \u0431\u044e\u0434\u0436\u0435\u0442\u0430 \u0438 \u0434\u043e\u0445\u043e\u0434\u0430 | \u0410\u0434\u0432\u043e\u043a\u0430\u0442\u044b | \u0413\u0435\u0440\u043c\u0430\u043d\u0438\u044f","isPartOf":{"@id":"https:\/\/www.recht-hr.de\/ru\/#website"},"datePublished":"2016-07-13T15:12:46+00:00","dateModified":"2018-12-10T16:09:08+00:00","description":"Jahresabschl\u00fcsse sind wichtig, egal ob f\u00fcr das Finanzamt oder diverse Dritte, oder insbesondere auch f\u00fcr Sie und Ihren eigenen \u00dcberblick \u00fcber Ihr Unternehmen. Wir erstellen f\u00fcr Sie: Jahresabschl\u00fcsse nach Handels- und Steuerrecht, usw.","breadcrumb":{"@id":"https:\/\/www.recht-hr.de\/ru\/bilanzen-und-gewinnermittlungen\/#breadcrumb"},"inLanguage":"en-US","potentialAction":[{"@type":"ReadAction","target":["https:\/\/www.recht-hr.de\/ru\/bilanzen-und-gewinnermittlungen\/"]}]},{"@type":"BreadcrumbList","@id":"https:\/\/www.recht-hr.de\/ru\/bilanzen-und-gewinnermittlungen\/#breadcrumb","itemListElement":[{"@type":"ListItem","position":1,"name":"Startseite","item":"https:\/\/www.recht-hr.de\/"},{"@type":"ListItem","position":2,"name":"\u0420\u0430\u0441\u0447\u0435\u0442\u044b \u0431\u044e\u0434\u0436\u0435\u0442\u0430 \u0438 \u0434\u043e\u0445\u043e\u0434\u0430"}]},{"@type":"WebSite","@id":"https:\/\/www.recht-hr.de\/ru\/#website","url":"https:\/\/www.recht-hr.de\/ru\/","name":"Haferkorn \u2022 Rimscha","description":"law &amp; tax office","publisher":{"@id":"https:\/\/www.recht-hr.de\/ru\/#organization"},"potentialAction":[{"@type":"SearchAction","target":{"@type":"EntryPoint","urlTemplate":"https:\/\/www.recht-hr.de\/ru\/?s={search_term_string}"},"query-input":{"@type":"PropertyValueSpecification","valueRequired":true,"valueName":"search_term_string"}}],"inLanguage":"en-US"},{"@type":"Organization","@id":"https:\/\/www.recht-hr.de\/ru\/#organization","name":"Haferkorn \u2022 Rimscha \u2022 Rechtsanwalts- und Steuerkanzlei","url":"https:\/\/www.recht-hr.de\/ru\/","logo":{"@type":"ImageObject","inLanguage":"en-US","@id":"https:\/\/www.recht-hr.de\/ru\/#\/schema\/logo\/image\/","url":"https:\/\/www.recht-hr.de\/wp-content\/uploads\/2018\/12\/apple-touch-icon.png","contentUrl":"https:\/\/www.recht-hr.de\/wp-content\/uploads\/2018\/12\/apple-touch-icon.png","width":180,"height":180,"caption":"Haferkorn \u2022 Rimscha \u2022 Rechtsanwalts- und Steuerkanzlei"},"image":{"@id":"https:\/\/www.recht-hr.de\/ru\/#\/schema\/logo\/image\/"},"sameAs":["http:\/\/www.facebook.com\/recht.hr"]}]}},"_links":{"self":[{"href":"https:\/\/www.recht-hr.de\/en\/wp-json\/wp\/v2\/pages\/1160","targetHints":{"allow":["GET"]}}],"collection":[{"href":"https:\/\/www.recht-hr.de\/en\/wp-json\/wp\/v2\/pages"}],"about":[{"href":"https:\/\/www.recht-hr.de\/en\/wp-json\/wp\/v2\/types\/page"}],"author":[{"embeddable":true,"href":"https:\/\/www.recht-hr.de\/en\/wp-json\/wp\/v2\/users\/1"}],"replies":[{"embeddable":true,"href":"https:\/\/www.recht-hr.de\/en\/wp-json\/wp\/v2\/comments?post=1160"}],"version-history":[{"count":7,"href":"https:\/\/www.recht-hr.de\/en\/wp-json\/wp\/v2\/pages\/1160\/revisions"}],"predecessor-version":[{"id":2582,"href":"https:\/\/www.recht-hr.de\/en\/wp-json\/wp\/v2\/pages\/1160\/revisions\/2582"}],"wp:attachment":[{"href":"https:\/\/www.recht-hr.de\/en\/wp-json\/wp\/v2\/media?parent=1160"}],"curies":[{"name":"wp","href":"https:\/\/api.w.org\/{rel}","templated":true}]}}